{"id":239,"date":"2017-04-28T18:22:09","date_gmt":"2017-04-28T18:22:09","guid":{"rendered":"https:\/\/tecnoprod.com.br\/site\/?page_id=239"},"modified":"2017-12-20T18:11:17","modified_gmt":"2017-12-20T18:11:17","slug":"empresa","status":"publish","type":"page","link":"https:\/\/tecnoprod.com.br\/site\/empresa\/","title":{"rendered":"Empresa"},"content":{"rendered":"<p>[et_pb_section bb_built=&#8221;1&#8243; admin_label=&#8221;section&#8221; background_color=&#8221;#db1622&#8243; custom_padding=&#8221;5px||5px|&#8221; _builder_version=&#8221;3.0.92&#8243;][et_pb_row admin_label=&#8221;row&#8221; background_position=&#8221;top_left&#8221; background_repeat=&#8221;repeat&#8221; background_size=&#8221;initial&#8221;][et_pb_column type=&#8221;4_4&#8243;][et_pb_text admin_label=&#8221;A Empresa&#8221; background_layout=&#8221;dark&#8221; text_orientation=&#8221;left&#8221; use_border_color=&#8221;off&#8221; border_color=&#8221;#ffffff&#8221; border_style=&#8221;solid&#8221; background_position=&#8221;top_left&#8221; background_repeat=&#8221;repeat&#8221; background_size=&#8221;initial&#8221; _builder_version=&#8221;3.0.92&#8243;]<\/p>\n<h5><strong>A Empresa<\/strong><\/h5>\n<p>Conhe\u00e7a nossa equipe e nossa hist\u00f3ria<\/p>\n<p>[\/et_pb_text][\/et_pb_column][\/et_pb_row][\/et_pb_section][et_pb_section bb_built=&#8221;1&#8243; fullwidth=&#8221;off&#8221; specialty=&#8221;off&#8221;][et_pb_row background_position=&#8221;top_left&#8221; background_repeat=&#8221;repeat&#8221; background_size=&#8221;initial&#8221;][et_pb_column type=&#8221;2_3&#8243;][et_pb_text admin_label=&#8221;Quem Somos&#8221; background_layout=&#8221;light&#8221; text_orientation=&#8221;left&#8221; use_border_color=&#8221;off&#8221; border_color=&#8221;#ffffff&#8221; border_style=&#8221;solid&#8221; background_position=&#8221;top_left&#8221; background_repeat=&#8221;repeat&#8221; background_size=&#8221;initial&#8221;]<\/p>\n<h4><strong>Quem Somos<\/strong><\/h4>\n<p>[\/et_pb_text][et_pb_divider color=&#8221;#e8ecf0&#8243; show_divider=&#8221;on&#8221; divider_style=&#8221;solid&#8221; divider_position=&#8221;top&#8221; hide_on_mobile=&#8221;on&#8221; disabled_on=&#8221;on|on|off&#8221; \/][et_pb_text admin_label=&#8221;Com uma empresa com mais de 20 anos de experi\u00eancia em solda e automa\u00e7\u00e3o a Tecnoprod se desenvolve a cada dia em fun\u00e7\u00e3o de uma postura de abordagem din\u00e2mica e flexibilidade junto ao mercado.&#8221; background_layout=&#8221;light&#8221; use_border_color=&#8221;off&#8221; background_position=&#8221;top_left&#8221; background_repeat=&#8221;repeat&#8221; background_size=&#8221;initial&#8221; _builder_version=&#8221;3.0.92&#8243;]<\/p>\n<p style=\"text-align: justify;\">Empresa nacional com mais de 25 anos de experi\u00eancia em solda e automa\u00e7\u00e3o a <strong>Tecnoprod<\/strong> se desenvolve a cada dia em fun\u00e7\u00e3o de uma postura de abordagem din\u00e2mica e flexibilidade junto ao mercado.<\/p>\n<h5><strong>Perfil<\/strong><\/h5>\n<p>Mantemos nossa Engenharia e desenvolvimento, suporte t\u00e9cnico, venda e fabrica\u00e7\u00e3o que atende todo Mercado Sul Americano.<\/p>\n<p>Focamos em Equipamentos de Solda a Resist\u00eancia, Pin\u00e7as de Solda, M\u00e1quinas de Proje\u00e7\u00f5es, Reparos em equipamentos \u201cRetrofit\u201d e Servi\u00e7os T\u00e9cnicos.<\/p>\n<p>Atuamos tamb\u00e9m no segmento de Automa\u00e7\u00e3o, com fabrica\u00e7\u00e3o de dispositivos para diversas aplica\u00e7\u00f5es e integra\u00e7\u00e3o de C\u00e9lulas Completas.<\/p>\n<h5><strong>Localiza\u00e7\u00e3o<\/strong><\/h5>\n<p><span class=\"st\"><em>Estamos situados<\/em> na Av. Julius Pauli, n\u00b0 1310, Jardim Caxambu, na cidade de <em>Jundia\u00ed\/SP &#8211; Brasil<\/em>. <\/span><\/p>\n<p>[\/et_pb_text][\/et_pb_column][et_pb_column type=&#8221;1_3&#8243;][et_pb_image src=&#8221;https:\/\/tecnoprod.com.br\/site\/wp-content\/uploads\/2017\/12\/empresa-fotos.jpg&#8221; show_in_lightbox=&#8221;off&#8221; url_new_window=&#8221;off&#8221; use_overlay=&#8221;off&#8221; align=&#8221;center&#8221; force_fullwidth=&#8221;off&#8221; always_center_on_mobile=&#8221;on&#8221; use_border_color=&#8221;off&#8221; animation_duration=&#8221;500ms&#8221; animation_intensity_slide=&#8221;10%&#8221; animation_direction=&#8221;left&#8221; show_bottom_space=&#8221;on&#8221; _builder_version=&#8221;3.0.92&#8243; \/][\/et_pb_column][\/et_pb_row][\/et_pb_section][et_pb_section bb_built=&#8221;1&#8243; fullwidth=&#8221;off&#8221; specialty=&#8221;off&#8221; transparent_background=&#8221;off&#8221; background_color=&#8221;#e8ecf0&#8243; allow_player_pause=&#8221;off&#8221; inner_shadow=&#8221;off&#8221; parallax=&#8221;off&#8221; parallax_method=&#8221;on&#8221; make_fullwidth=&#8221;off&#8221; use_custom_width=&#8221;off&#8221; width_unit=&#8221;on&#8221; make_equal=&#8221;off&#8221; use_custom_gutter=&#8221;off&#8221;][et_pb_row make_fullwidth=&#8221;off&#8221; use_custom_width=&#8221;off&#8221; width_unit=&#8221;on&#8221; use_custom_gutter=&#8221;off&#8221; allow_player_pause=&#8221;off&#8221; parallax=&#8221;off&#8221; parallax_method=&#8221;on&#8221; make_equal=&#8221;off&#8221; parallax_1=&#8221;off&#8221; parallax_method_1=&#8221;off&#8221; parallax_2=&#8221;off&#8221; parallax_method_2=&#8221;off&#8221; parallax_3=&#8221;off&#8221; parallax_method_3=&#8221;off&#8221; module_class_2=&#8221;custom-row&#8221; module_class_3=&#8221;custom-row&#8221; background_position=&#8221;top_left&#8221; background_repeat=&#8221;repeat&#8221; background_size=&#8221;initial&#8221;][et_pb_column type=&#8221;1_3&#8243;][et_pb_blurb admin_label=&#8221;Miss\u00e3o&#8221; title=&#8221;Miss\u00e3o&#8221; url_new_window=&#8221;off&#8221; use_icon=&#8221;off&#8221; icon_color=&#8221;#ff0000&#8243; use_circle=&#8221;off&#8221; circle_color=&#8221;#ff0000&#8243; use_circle_border=&#8221;off&#8221; circle_border_color=&#8221;#ff0000&#8243; icon_placement=&#8221;top&#8221; animation=&#8221;top&#8221; background_layout=&#8221;light&#8221; text_orientation=&#8221;left&#8221; use_icon_font_size=&#8221;off&#8221; use_border_color=&#8221;off&#8221; border_color=&#8221;#ffffff&#8221; border_style=&#8221;solid&#8221; header_font=&#8221;|on|||&#8221; background_position=&#8221;top_left&#8221; background_repeat=&#8221;repeat&#8221; background_size=&#8221;initial&#8221;]<\/p>\n<p style=\"text-align: justify;\">Nossa miss\u00e3o \u00e9 levar solu\u00e7\u00f5es aos nossos clientes com servi\u00e7os de m\u00e3o de obra especializada, tornando assim possivel a execu\u00e7\u00e3o de seus projetos com efici\u00eancia e baixo custo.<\/p>\n<p>[\/et_pb_blurb][\/et_pb_column][et_pb_column type=&#8221;1_3&#8243;][et_pb_blurb admin_label=&#8221;Vis\u00e3o&#8221; title=&#8221;Vis\u00e3o&#8221; url_new_window=&#8221;off&#8221; use_icon=&#8221;off&#8221; icon_color=&#8221;#ff0000&#8243; use_circle=&#8221;off&#8221; circle_color=&#8221;#ff0000&#8243; use_circle_border=&#8221;off&#8221; circle_border_color=&#8221;#ff0000&#8243; icon_placement=&#8221;top&#8221; animation=&#8221;top&#8221; background_layout=&#8221;light&#8221; text_orientation=&#8221;left&#8221; use_icon_font_size=&#8221;off&#8221; use_border_color=&#8221;off&#8221; border_color=&#8221;#ffffff&#8221; border_style=&#8221;solid&#8221; header_font=&#8221;|on|||&#8221; background_position=&#8221;top_left&#8221; background_repeat=&#8221;repeat&#8221; background_size=&#8221;initial&#8221;]<\/p>\n<p style=\"text-align: justify;\">Visamos atingir todo territ\u00f3rio nacional com nossa marca, podendo assim levar as nossas solu\u00e7\u00f5es a cada canto do Brasil com servi\u00e7os de qualidade.<\/p>\n<p>[\/et_pb_blurb][\/et_pb_column][et_pb_column type=&#8221;1_3&#8243;][et_pb_blurb admin_label=&#8221;Valores&#8221; title=&#8221;Valores&#8221; url_new_window=&#8221;off&#8221; use_icon=&#8221;off&#8221; icon_color=&#8221;#ff0000&#8243; use_circle=&#8221;off&#8221; circle_color=&#8221;#ff0000&#8243; use_circle_border=&#8221;off&#8221; circle_border_color=&#8221;#ff0000&#8243; icon_placement=&#8221;top&#8221; animation=&#8221;top&#8221; background_layout=&#8221;light&#8221; text_orientation=&#8221;left&#8221; use_icon_font_size=&#8221;off&#8221; use_border_color=&#8221;off&#8221; border_color=&#8221;#ffffff&#8221; border_style=&#8221;solid&#8221; header_font=&#8221;|on|||&#8221; background_position=&#8221;top_left&#8221; background_repeat=&#8221;repeat&#8221; background_size=&#8221;initial&#8221;]<\/p>\n<p style=\"text-align: justify;\">Nossos valores consistem em manter nossos colaboradores e parceiros sempre satisfeitos, dando a cada um condi\u00e7\u00f5es de trabalho e valorizando o potencial de cada um.<\/p>\n<p>[\/et_pb_blurb][\/et_pb_column][\/et_pb_row][\/et_pb_section]<\/p>\n","protected":false},"excerpt":{"rendered":"<p>A Empresa Conhe\u00e7a nossa equipe e nossa hist\u00f3ria Quem Somos Empresa nacional com mais de 25 anos de experi\u00eancia em solda e automa\u00e7\u00e3o a Tecnoprod se desenvolve a cada dia em fun\u00e7\u00e3o de uma postura de abordagem din\u00e2mica e flexibilidade junto ao mercado. Perfil Mantemos nossa Engenharia e desenvolvimento, suporte t\u00e9cnico, venda e fabrica\u00e7\u00e3o que [&hellip;]<\/p>\n","protected":false},"author":1,"featured_media":0,"parent":0,"menu_order":0,"comment_status":"closed","ping_status":"closed","template":"","meta":{"_et_pb_use_builder":"on","_et_pb_old_content":"","_et_gb_content_width":"","footnotes":""},"class_list":["post-239","page","type-page","status-publish","hentry"],"yoast_head":"<!-- This site is optimized with the Yoast SEO plugin v27.6 - https:\/\/yoast.com\/product\/yoast-seo-wordpress\/ -->\n<title>Empresa - Tecnoprod<\/title>\n<meta name=\"robots\" content=\"index, follow, max-snippet:-1, max-image-preview:large, max-video-preview:-1\" \/>\n<link rel=\"canonical\" href=\"https:\/\/tecnoprod.com.br\/site\/empresa\/\" \/>\n<meta property=\"og:locale\" content=\"pt_BR\" \/>\n<meta property=\"og:type\" content=\"article\" \/>\n<meta property=\"og:title\" content=\"Empresa - Tecnoprod\" \/>\n<meta property=\"og:description\" content=\"A Empresa Conhe\u00e7a nossa equipe e nossa hist\u00f3ria Quem Somos Empresa nacional com mais de 25 anos de experi\u00eancia em solda e automa\u00e7\u00e3o a Tecnoprod se desenvolve a cada dia em fun\u00e7\u00e3o de uma postura de abordagem din\u00e2mica e flexibilidade junto ao mercado. Perfil Mantemos nossa Engenharia e desenvolvimento, suporte t\u00e9cnico, venda e fabrica\u00e7\u00e3o que [&hellip;]\" \/>\n<meta property=\"og:url\" content=\"https:\/\/tecnoprod.com.br\/site\/empresa\/\" \/>\n<meta property=\"og:site_name\" content=\"Tecnoprod\" \/>\n<meta property=\"article:modified_time\" content=\"2017-12-20T18:11:17+00:00\" \/>\n<meta name=\"twitter:card\" content=\"summary_large_image\" \/>\n<meta name=\"twitter:label1\" content=\"Est. tempo de leitura\" \/>\n\t<meta name=\"twitter:data1\" content=\"4 minutos\" \/>\n<script type=\"application\/ld+json\" class=\"yoast-schema-graph\">{\"@context\":\"https:\\\/\\\/schema.org\",\"@graph\":[{\"@type\":\"WebPage\",\"@id\":\"https:\\\/\\\/tecnoprod.com.br\\\/site\\\/empresa\\\/\",\"url\":\"https:\\\/\\\/tecnoprod.com.br\\\/site\\\/empresa\\\/\",\"name\":\"Empresa - Tecnoprod\",\"isPartOf\":{\"@id\":\"https:\\\/\\\/tecnoprod.com.br\\\/site\\\/#website\"},\"datePublished\":\"2017-04-28T18:22:09+00:00\",\"dateModified\":\"2017-12-20T18:11:17+00:00\",\"breadcrumb\":{\"@id\":\"https:\\\/\\\/tecnoprod.com.br\\\/site\\\/empresa\\\/#breadcrumb\"},\"inLanguage\":\"pt-BR\",\"potentialAction\":[{\"@type\":\"ReadAction\",\"target\":[\"https:\\\/\\\/tecnoprod.com.br\\\/site\\\/empresa\\\/\"]}]},{\"@type\":\"BreadcrumbList\",\"@id\":\"https:\\\/\\\/tecnoprod.com.br\\\/site\\\/empresa\\\/#breadcrumb\",\"itemListElement\":[{\"@type\":\"ListItem\",\"position\":1,\"name\":\"Home\",\"item\":\"https:\\\/\\\/tecnoprod.com.br\\\/site\\\/\"},{\"@type\":\"ListItem\",\"position\":2,\"name\":\"Empresa\"}]},{\"@type\":\"WebSite\",\"@id\":\"https:\\\/\\\/tecnoprod.com.br\\\/site\\\/#website\",\"url\":\"https:\\\/\\\/tecnoprod.com.br\\\/site\\\/\",\"name\":\"Tecnoprod\",\"description\":\"Tecnoprod\",\"potentialAction\":[{\"@type\":\"SearchAction\",\"target\":{\"@type\":\"EntryPoint\",\"urlTemplate\":\"https:\\\/\\\/tecnoprod.com.br\\\/site\\\/?s={search_term_string}\"},\"query-input\":{\"@type\":\"PropertyValueSpecification\",\"valueRequired\":true,\"valueName\":\"search_term_string\"}}],\"inLanguage\":\"pt-BR\"}]}<\/script>\n<!-- \/ Yoast SEO plugin. -->","yoast_head_json":{"title":"Empresa - Tecnoprod","robots":{"index":"index","follow":"follow","max-snippet":"max-snippet:-1","max-image-preview":"max-image-preview:large","max-video-preview":"max-video-preview:-1"},"canonical":"https:\/\/tecnoprod.com.br\/site\/empresa\/","og_locale":"pt_BR","og_type":"article","og_title":"Empresa - Tecnoprod","og_description":"A Empresa Conhe\u00e7a nossa equipe e nossa hist\u00f3ria Quem Somos Empresa nacional com mais de 25 anos de experi\u00eancia em solda e automa\u00e7\u00e3o a Tecnoprod se desenvolve a cada dia em fun\u00e7\u00e3o de uma postura de abordagem din\u00e2mica e flexibilidade junto ao mercado. Perfil Mantemos nossa Engenharia e desenvolvimento, suporte t\u00e9cnico, venda e fabrica\u00e7\u00e3o que [&hellip;]","og_url":"https:\/\/tecnoprod.com.br\/site\/empresa\/","og_site_name":"Tecnoprod","article_modified_time":"2017-12-20T18:11:17+00:00","twitter_card":"summary_large_image","twitter_misc":{"Est. tempo de leitura":"4 minutos"},"schema":{"@context":"https:\/\/schema.org","@graph":[{"@type":"WebPage","@id":"https:\/\/tecnoprod.com.br\/site\/empresa\/","url":"https:\/\/tecnoprod.com.br\/site\/empresa\/","name":"Empresa - Tecnoprod","isPartOf":{"@id":"https:\/\/tecnoprod.com.br\/site\/#website"},"datePublished":"2017-04-28T18:22:09+00:00","dateModified":"2017-12-20T18:11:17+00:00","breadcrumb":{"@id":"https:\/\/tecnoprod.com.br\/site\/empresa\/#breadcrumb"},"inLanguage":"pt-BR","potentialAction":[{"@type":"ReadAction","target":["https:\/\/tecnoprod.com.br\/site\/empresa\/"]}]},{"@type":"BreadcrumbList","@id":"https:\/\/tecnoprod.com.br\/site\/empresa\/#breadcrumb","itemListElement":[{"@type":"ListItem","position":1,"name":"Home","item":"https:\/\/tecnoprod.com.br\/site\/"},{"@type":"ListItem","position":2,"name":"Empresa"}]},{"@type":"WebSite","@id":"https:\/\/tecnoprod.com.br\/site\/#website","url":"https:\/\/tecnoprod.com.br\/site\/","name":"Tecnoprod","description":"Tecnoprod","potentialAction":[{"@type":"SearchAction","target":{"@type":"EntryPoint","urlTemplate":"https:\/\/tecnoprod.com.br\/site\/?s={search_term_string}"},"query-input":{"@type":"PropertyValueSpecification","valueRequired":true,"valueName":"search_term_string"}}],"inLanguage":"pt-BR"}]}},"_links":{"self":[{"href":"https:\/\/tecnoprod.com.br\/site\/wp-json\/wp\/v2\/pages\/239","targetHints":{"allow":["GET"]}}],"collection":[{"href":"https:\/\/tecnoprod.com.br\/site\/wp-json\/wp\/v2\/pages"}],"about":[{"href":"https:\/\/tecnoprod.com.br\/site\/wp-json\/wp\/v2\/types\/page"}],"author":[{"embeddable":true,"href":"https:\/\/tecnoprod.com.br\/site\/wp-json\/wp\/v2\/users\/1"}],"replies":[{"embeddable":true,"href":"https:\/\/tecnoprod.com.br\/site\/wp-json\/wp\/v2\/comments?post=239"}],"version-history":[{"count":30,"href":"https:\/\/tecnoprod.com.br\/site\/wp-json\/wp\/v2\/pages\/239\/revisions"}],"predecessor-version":[{"id":744,"href":"https:\/\/tecnoprod.com.br\/site\/wp-json\/wp\/v2\/pages\/239\/revisions\/744"}],"wp:attachment":[{"href":"https:\/\/tecnoprod.com.br\/site\/wp-json\/wp\/v2\/media?parent=239"}],"curies":[{"name":"wp","href":"https:\/\/api.w.org\/{rel}","templated":true}]}}